{"id":48,"date":"2026-03-28T14:16:52","date_gmt":"2026-03-28T14:16:52","guid":{"rendered":"https:\/\/savouart.cafe\/courtetelle\/newsletter\/"},"modified":"2026-03-28T14:16:52","modified_gmt":"2026-03-28T14:16:52","slug":"newsletter","status":"publish","type":"page","link":"https:\/\/savouart.cafe\/courtetelle\/newsletter\/","title":{"rendered":"Newsletter"},"content":{"rendered":"<p>Nous sommes ravis de vous tenir au courant de nos derni\u00e8res actualit\u00e9s. N'h\u00e9sitez pas \u00e0 vous abonner \u00e0 notre newsletter. <br \/><br \/>Wir freuen uns, Sie mit Neuigkeiten auf dem Laufenden zu halten. Melden Sie sich gerne bei unserem Newsletter an. <br \/><br \/><div class=\"tnp tnp-subscription \">\n<form method=\"post\" action=\"https:\/\/savouart.cafe\/courtetelle\/wp-admin\/admin-ajax.php?action=tnp&amp;na=s\">\n<input type=\"hidden\" name=\"nlang\" value=\"\">\n<div class=\"tnp-field tnp-field-firstname\"><label for=\"tnp-1\">Pr\u00e9nom \/ Vorname<\/label>\n<input class=\"tnp-name\" type=\"text\" name=\"nn\" id=\"tnp-1\" value=\"\" placeholder=\"\"><\/div>\n<div class=\"tnp-field tnp-field-surname\"><label for=\"tnp-2\">Nom \/ Nachname<\/label>\n<input class=\"tnp-surname\" type=\"text\" name=\"ns\" id=\"tnp-2\" value=\"\" placeholder=\"\"><\/div><div class=\"tnp-field tnp-field-email\"><label for=\"tnp-3\">adresse e-mail \/ E-Mail-Adresse<\/label>\n<input class=\"tnp-email\" type=\"email\" name=\"ne\" id=\"tnp-3\" value=\"\" placeholder=\"\" required><\/div>\n<div class=\"tnp-field tnp-privacy-field\"><label><input type=\"checkbox\" name=\"ny\" required class=\"tnp-privacy\"> <a target=\"_blank\" href=\"https:\/\/schweizerleuchtturm.ch\/chlt\/datenschutz\/\">En poursuivant, vous acceptez notre politique de confidentialit\u00e9. - Indem Sie fortfahren, akzeptieren Sie unsere Datenschutzerkl\u00e4rung.<\/a><\/label><\/div><div class=\"tnp-field tnp-field-button\" style=\"text-align: left\"><input class=\"tnp-submit\" type=\"submit\" value=\"S&#039;abonner \/ Abonnieren\" style=\"\">\n<\/div>\n<\/form>\n<\/div>\n<\/p>\n","protected":false},"excerpt":{"rendered":"","protected":false},"author":1,"featured_media":0,"parent":0,"menu_order":0,"comment_status":"closed","ping_status":"closed","template":"","meta":{"pagelayer_contact_templates":[],"_pagelayer_content":"","footnotes":""},"class_list":["post-48","page","type-page","status-publish","hentry"],"_links":{"self":[{"href":"https:\/\/savouart.cafe\/courtetelle\/wp-json\/wp\/v2\/pages\/48","targetHints":{"allow":["GET"]}}],"collection":[{"href":"https:\/\/savouart.cafe\/courtetelle\/wp-json\/wp\/v2\/pages"}],"about":[{"href":"https:\/\/savouart.cafe\/courtetelle\/wp-json\/wp\/v2\/types\/page"}],"author":[{"embeddable":true,"href":"https:\/\/savouart.cafe\/courtetelle\/wp-json\/wp\/v2\/users\/1"}],"replies":[{"embeddable":true,"href":"https:\/\/savouart.cafe\/courtetelle\/wp-json\/wp\/v2\/comments?post=48"}],"version-history":[{"count":0,"href":"https:\/\/savouart.cafe\/courtetelle\/wp-json\/wp\/v2\/pages\/48\/revisions"}],"wp:attachment":[{"href":"https:\/\/savouart.cafe\/courtetelle\/wp-json\/wp\/v2\/media?parent=48"}],"curies":[{"name":"wp","href":"https:\/\/api.w.org\/{rel}","templated":true}]}}